{"id":65,"date":"2018-06-12T13:24:16","date_gmt":"2018-06-12T11:24:16","guid":{"rendered":"https:\/\/lapasiondeeducar.com\/?page_id=65"},"modified":"2025-05-20T13:33:40","modified_gmt":"2025-05-20T11:33:40","slug":"colegio-gaztelueta","status":"publish","type":"page","link":"https:\/\/www.gaztelueta.com\/lapasiondeeducar\/colegio-gaztelueta\/","title":{"rendered":"Sobre Gaztelueta"},"content":{"rendered":"<p><span class=\"OYPEnA font-feature-liga-off font-feature-clig-off font-feature-calt-off text-decoration-none text-strikethrough-none\"><div id=\"ez-toc-container\" class=\"ez-toc-v2_0_82_2 counter-flat ez-toc-counter ez-toc-grey ez-toc-container-direction\">\n<div class=\"ez-toc-title-container\">\n<span class=\"ez-toc-title-toggle\"><a href=\"#\" class=\"ez-toc-pull-right ez-toc-btn ez-toc-btn-xs ez-toc-btn-default ez-toc-toggle\" aria-label=\"Alternar tabla de contenidos\"><span class=\"ez-toc-js-icon-con\"><span class=\"\"><span class=\"eztoc-hide\" style=\"display:none;\">Toggle<\/span><span class=\"ez-toc-icon-toggle-span\"><svg style=\"fill: #999;color:#999\" xmlns=\"http:\/\/www.w3.org\/2000\/svg\" class=\"list-377408\" width=\"20px\" height=\"20px\" viewBox=\"0 0 24 24\" fill=\"none\"><path d=\"M6 6H4v2h2V6zm14 0H8v2h12V6zM4 11h2v2H4v-2zm16 0H8v2h12v-2zM4 16h2v2H4v-2zm16 0H8v2h12v-2z\" fill=\"currentColor\"><\/path><\/svg><svg style=\"fill: #999;color:#999\" class=\"arrow-unsorted-368013\" xmlns=\"http:\/\/www.w3.org\/2000\/svg\" width=\"10px\" height=\"10px\" viewBox=\"0 0 24 24\" version=\"1.2\" baseProfile=\"tiny\"><path d=\"M18.2 9.3l-6.2-6.3-6.2 6.3c-.2.2-.3.4-.3.7s.1.5.3.7c.2.2.4.3.7.3h11c.3 0 .5-.1.7-.3.2-.2.3-.5.3-.7s-.1-.5-.3-.7zM5.8 14.7l6.2 6.3 6.2-6.3c.2-.2.3-.5.3-.7s-.1-.5-.3-.7c-.2-.2-.4-.3-.7-.3h-11c-.3 0-.5.1-.7.3-.2.2-.3.5-.3.7s.1.5.3.7z\"\/><\/svg><\/span><\/span><\/span><\/a><\/span><\/div>\n<nav><ul class='ez-toc-list ez-toc-list-level-1 eztoc-toggle-hide-by-default' ><li class='ez-toc-page-1'><a class=\"ez-toc-link ez-toc-heading-1\" href=\"https:\/\/www.gaztelueta.com\/lapasiondeeducar\/colegio-gaztelueta\/#Familiar\" >Familiar<\/a><\/li><li class='ez-toc-page-1'><a class=\"ez-toc-link ez-toc-heading-2\" href=\"https:\/\/www.gaztelueta.com\/lapasiondeeducar\/colegio-gaztelueta\/#Global\" >Global<\/a><\/li><li class='ez-toc-page-1'><a class=\"ez-toc-link ez-toc-heading-3\" href=\"https:\/\/www.gaztelueta.com\/lapasiondeeducar\/colegio-gaztelueta\/#Sostenible\" >Sostenible<\/a><\/li><\/ul><\/nav><\/div>\n Gaztelueta naci\u00f3 en 1951 impulsado por unas familias que buscaban un proyecto que abarcara educaci\u00f3n en valores en un ambiente familiar, cercano y centrado en la persona y con un <\/span><span class=\"OYPEnA font-feature-liga-off font-feature-clig-off font-feature-calt-off text-decoration-none text-strikethrough-none\">hondo sentido cristiano de la vida. Actualmente Gaztelueta ofrece un proyecto educativo para toda la familia, desde el Aula de Cunas hasta Bachillerato.<\/span><\/p>\n<div class=\"col col-xs-12 col-sm-6 col-md-3 col-lg-3 \">\n<h4 class=\"views-field views-field-title\"><span class=\"ez-toc-section\" id=\"Familiar\"><\/span><strong><span class=\"field-content\">Familiar<\/span><\/strong><span class=\"ez-toc-section-end\"><\/span><\/h4>\n<div class=\"views-field views-field-body\">\n<div class=\"field-content\">\n<p><span class=\"OYPEnA font-feature-liga-off font-feature-clig-off font-feature-calt-off text-decoration-none text-strikethrough-none\">Desde 1951 acompa\u00f1amos a las familias en la educaci\u00f3n de sus hijos, entendiendo que la formaci\u00f3n integral es fruto de una alianza entre familia y colegio.<\/span><\/p>\n<\/div>\n<\/div>\n<p>&nbsp;<\/p>\n<\/div>\n<div class=\"col col-xs-12 col-sm-6 col-md-3 col-lg-3 \">\n<h4 class=\"views-field views-field-title\"><span class=\"ez-toc-section\" id=\"Global\"><\/span><strong><span class=\"field-content\">Global<\/span><\/strong><span class=\"ez-toc-section-end\"><\/span><\/h4>\n<div class=\"views-field views-field-body\">\n<div class=\"field-content\">\n<p><span class=\"OYPEnA font-feature-liga-off font-feature-clig-off font-feature-calt-off text-decoration-none text-strikethrough-none\">Tenemos un compromiso firme por formar alumnos abiertos al mundo, capaces de comprender otras culturas y actuar con responsabilidad ante los desaf\u00edos globales.<\/span><\/p>\n<\/div>\n<p>&nbsp;<\/p>\n<\/div>\n<\/div>\n<div class=\"col col-xs-12 col-sm-6 col-md-3 col-lg-3 \">\n<h4 class=\"views-field views-field-title\"><span class=\"ez-toc-section\" id=\"Sostenible\"><\/span><strong><span class=\"field-content\">Sostenible<\/span><\/strong><span class=\"ez-toc-section-end\"><\/span><\/h4>\n<div class=\"views-field views-field-body\">\n<div class=\"field-content\">\n<p><span class=\"OYPEnA font-feature-liga-off font-feature-clig-off font-feature-calt-off text-decoration-none text-strikethrough-none\">La sostenibilidad en sus dimensiones ambiental, social y econ\u00f3mica es un eje esencial que gu\u00eda nuestro proyecto educativo de forma integral.<\/span><\/p>\n<\/div>\n<p>&nbsp;<\/p>\n<\/div>\n<\/div>\n<p>&nbsp;<\/p>\n<p>&nbsp;<\/p>\n<p>&nbsp;<\/p>\n<p>&nbsp;<\/p>\n<p>&nbsp;<\/p>\n<p>&nbsp;<\/p>\n<p>&nbsp;<\/p>\n<p><span style=\"color: #333399;\"><strong><a href=\"http:\/\/www.gaztelueta.com\" style=\"color: #333399;\">Para m\u00e1s informaci\u00f3n, visita nuestra web &gt;&gt;&gt;<\/a><\/strong><\/span><\/p>\n<h5><strong><a href=\"\/\/www.gaztelueta.com\"><\/a><\/strong><\/h5>\n<p>&nbsp;<\/p>\n<p>&nbsp;<\/p>\n","protected":false},"excerpt":{"rendered":"<p>Gaztelueta naci\u00f3 en 1951 impulsado por unas familias que buscaban un proyecto que abarcara educaci\u00f3n en valores en un ambiente familiar, cercano y centrado en la persona y con un hondo sentido cristiano de la vida. Actualmente Gaztelueta ofrece un proyecto educativo para toda la familia, desde el Aula de [&hellip;]<\/p>\n","protected":false},"author":1,"featured_media":71,"parent":0,"menu_order":0,"comment_status":"closed","ping_status":"closed","template":"page-templates\/template-fullwidth.php","meta":{"footnotes":""},"class_list":["post-65","page","type-page","status-publish","has-post-thumbnail","hentry"],"_links":{"self":[{"href":"https:\/\/www.gaztelueta.com\/lapasiondeeducar\/wp-json\/wp\/v2\/pages\/65"}],"collection":[{"href":"https:\/\/www.gaztelueta.com\/lapasiondeeducar\/wp-json\/wp\/v2\/pages"}],"about":[{"href":"https:\/\/www.gaztelueta.com\/lapasiondeeducar\/wp-json\/wp\/v2\/types\/page"}],"author":[{"embeddable":true,"href":"https:\/\/www.gaztelueta.com\/lapasiondeeducar\/wp-json\/wp\/v2\/users\/1"}],"replies":[{"embeddable":true,"href":"https:\/\/www.gaztelueta.com\/lapasiondeeducar\/wp-json\/wp\/v2\/comments?post=65"}],"version-history":[{"count":22,"href":"https:\/\/www.gaztelueta.com\/lapasiondeeducar\/wp-json\/wp\/v2\/pages\/65\/revisions"}],"predecessor-version":[{"id":1157,"href":"https:\/\/www.gaztelueta.com\/lapasiondeeducar\/wp-json\/wp\/v2\/pages\/65\/revisions\/1157"}],"wp:featuredmedia":[{"embeddable":true,"href":"https:\/\/www.gaztelueta.com\/lapasiondeeducar\/wp-json\/wp\/v2\/media\/71"}],"wp:attachment":[{"href":"https:\/\/www.gaztelueta.com\/lapasiondeeducar\/wp-json\/wp\/v2\/media?parent=65"}],"curies":[{"name":"wp","href":"https:\/\/api.w.org\/{rel}","templated":true}]}}