{"id":159,"date":"2022-02-17T12:30:05","date_gmt":"2022-02-17T12:30:05","guid":{"rendered":"https:\/\/www.gaztelueta.com\/?page_id=159"},"modified":"2022-02-17T12:30:06","modified_gmt":"2022-02-17T12:30:06","slug":"informacion-adicional-sobre-proteccion-de-datos","status":"publish","type":"page","link":"https:\/\/www.gaztelueta.com\/eu\/informacion-adicional-sobre-proteccion-de-datos\/","title":{"rendered":"Datuen babesari buruzko informazio gehigarria"},"content":{"rendered":"\n<p><strong><em>\u00bfQui\u00e9n es el responsable del tratamiento de sus datos personales?<\/em><\/strong><\/p>\n\n\n\n<p><em><u>Identidad<\/u><\/em><em>: ASOCIACI\u00d3N DOCENTE, CULTURAL Y FORMATIVA DEL COLEGIO GAZTELUETA (COLEGIO GAZTELUETA)<\/em><\/p>\n\n\n\n<p><em><u>NIF<\/u><\/em><em>: G-95329009<\/em><\/p>\n\n\n\n<p><em><u>Dir. Postal<\/u><\/em><em>: Barrio de Artaza 87, (48940) Leioa - Bizkaia<\/em><\/p>\n\n\n\n<p><em><u>Tel\u00e9fono<\/u><\/em><em>: +34 944 63 30 00<\/em><\/p>\n\n\n\n<p><em><u>E-mail<\/u><\/em><em>: <\/em><em><a href=\"mailto:secretaria@gaztelueta.com\">secretaria@gaztelueta.com<\/a><\/em><\/p>\n\n\n\n<p><strong><em>\u00bfCon qu\u00e9 finalidad tratamos sus datos personales?<\/em><\/strong><\/p>\n\n\n\n<p><em>En el caso de que usted sea <u>alumno o padre \/ tutor \/ representante legal de un alumno<\/u>, en COLEGIO GAZTELUETA tratamos \u00fanica y exclusivamente los datos que nos facilitan las personas interesadas con el fin de mantener la relaci\u00f3n contractual establecida y poder prestar los servicios educativos y formativos que nos son propios, tales como gestionar las solicitudes de plaza escolar, matriculaci\u00f3n, gesti\u00f3n acad\u00e9mica y administrativa, gesti\u00f3n de actividades lectivas, complementarias y extraescolares y otros servicios asociados a las mismas, gestionar el env\u00edo de informaci\u00f3n solicitada, facilitar a los interesados informaci\u00f3n sobre la ampliaci\u00f3n y mejora de nuestros servicios, adecuar dichos servicios a las preferencias y gustos de los padres, tutores o representantes legales de nuestros alumnos y usuarios, el dise\u00f1o de nuevos servicios relacionados con los anteriores, el env\u00edo de actualizaciones de los servicios y el env\u00edo, por medios tradicionales y\/o electr\u00f3nicos, de informaci\u00f3n t\u00e9cnica, operativa y comercial acerca de los servicios actualmente ofrecidos por el Centro, o con el Centro como intermediario, o que tenga previsto prestar en el futuro, o el env\u00edo de formularios de encuestas de satisfacci\u00f3n, que los destinatarios no est\u00e1n obligados a contestar y que tendr\u00e1n car\u00e1cter an\u00f3nimo.<\/em><\/p>\n\n\n\n<p><em>En el caso de que usted sea <u>usuario<\/u> de nuestra web, en COLEGIO GAZTELUETA trataremos sus datos con el fin de atender:<\/em><\/p>\n\n\n\n<ul class=\"wp-block-list\"><li><em>su petici\u00f3n de contacto.<\/em><\/li><li><em>su inter\u00e9s por conocer m\u00e1s sobre el colegio, ver las instalaciones y resolver cualquier duda que pudiera tener.<\/em><\/li><li><em>su solicitud de env\u00edo de las noticias que ata\u00f1en al Colegio en la direcci\u00f3n de e-mail facilitada por usted.<\/em><\/li><\/ul>\n\n\n\n<p><em>En el caso de que usted sea <u>candidato<\/u>, en COLEGIO GAZTELUETA tratamos \u00fanica y exclusivamente los datos que usted nos ha facilitado con el fin de atender su solicitud de incorporaci\u00f3n a los procesos de selecci\u00f3n de personal abiertos en el Centro. A tal efecto:<\/em><\/p>\n\n\n\n<ul class=\"wp-block-list\"><li><em>Recabamos, almacenamos, estructuramos, cotejamos y analizamos sus datos personales.<\/em><\/li><li><em>Valoramos sus habilidades y su situaci\u00f3n personal.<\/em><\/li><li><em>NO efectuamos un tratamiento automatizado de sus datos personales para la elaboraci\u00f3n de perfiles. \u00danicamente cotejamos su perfil profesional con los de otros posibles candidatos de cara a poder valorar su candidatura e identificar si es usted el candidato que mejor se adapta a los requisitos demandados para el puesto a cubrir en COLEGIO GAZTELUETA.<\/em><\/li><\/ul>\n\n\n\n<p><em>En el caso de que usted sea <u>proveedor<\/u>, en COLEGIO GAZTELUETA tratamos sus datos con las siguientes finalidades:<\/em><\/p>\n\n\n\n<ul class=\"wp-block-list\"><li><em>Mantenimiento, desarrollo y control, en todos sus aspectos, de la relaci\u00f3n contractual.<\/em><\/li><li><em>Gesti\u00f3n interna de proveedores.<\/em><\/li><li><em>Gesti\u00f3n de cobros y pagos.<\/em><\/li><li><em>Gesti\u00f3n administrativa.<\/em><\/li><li><em>Env\u00edo de informaci\u00f3n fiscal<\/em><\/li><\/ul>\n\n\n\n<p><em>Los datos personales no ser\u00e1n tratados en ning\u00fan caso con fines incompatibles con los anteriormente rese\u00f1ados y que son los propios de COLEGIO GAZTELUETA<\/em><\/p>\n\n\n\n<p><strong><em>\u00bfPor cu\u00e1nto tiempo conservaremos sus datos personales?<\/em><\/strong><\/p>\n\n\n\n<p><em>Los datos de car\u00e1cter personal que <\/em><em>COLEGIO GAZTELUETA <\/em><em>recaba son los estrictamente necesarios para el cumplimiento de las finalidades <\/em><em>determinadas, expl\u00edcitas y leg\u00edtimas, <\/em><em>declaradas y conocidas por los afectados,<\/em><em> para las que han sido obtenidos en el \u00e1mbito de la relaci\u00f3n contractual establecida.<\/em><\/p>\n\n\n\n<p><em>Los datos personales proporcionados se conservar\u00e1n mientras se mantenga la relaci\u00f3n contractual. Posteriormente, siempre que no se haya ejercitado el derecho de supresi\u00f3n, se conservar\u00e1n teniendo en cuenta los plazos legales que resulten de aplicaci\u00f3n en cada caso concreto, en funci\u00f3n de la tipolog\u00eda de datos y de la finalidad del tratamiento.<\/em><\/p>\n\n\n\n<p><em>COLEGIO GAZTELUETA conservar\u00e1 los datos y documentaci\u00f3n justificativa de la relaci\u00f3n jur\u00eddica durante los plazos de conservaci\u00f3n establecidos por la normativa sectorial aplicable, as\u00ed como durante los plazos de prescripci\u00f3n de las acciones civiles, penales, administrativas o de cualquier otra \u00edndole que pudieran derivarse de la relaci\u00f3n entablada.<\/em><\/p>\n\n\n\n<p><em>Cumplidos los citados plazos se proceder\u00e1 a la supresi\u00f3n de los datos personales salvo que el titular de los mismos o sus <\/em><em>padres, tutores o representantes legales <\/em><em>hubieran autorizado expresamente la conservaci\u00f3n y su inclusi\u00f3n en el fichero de \u201cAntiguos Alumnos\u201d <\/em><em>a los efectos de poder remitir informaci\u00f3n sobre las distintas actividades y servicios del Centro.<\/em><\/p>\n\n\n\n<p><em>Conforme a la normativa de educaci\u00f3n, corresponde a COLEGIO GAZTELUETA la custodia y archivo de los Expedientes Acad\u00e9micos de los alumnos, por lo que dichos datos ser\u00e1n conservados indefinidamente. Adem\u00e1s de la informaci\u00f3n y los datos estrictamente acad\u00e9micos, formar\u00e1n parte del Expediente los Informes psicopedag\u00f3gicos y m\u00e9dicos acad\u00e9micamente relevantes.<\/em><\/p>\n\n\n\n<p><em>En el caso de los <u>candidatos<\/u> conservaremos sus datos durante dos (2) a\u00f1os a partir de su \u00faltima confirmaci\u00f3n de inter\u00e9s, a fin de que podamos volver a contactar con usted para futuros procesos de selecci\u00f3n, a menos que usted decida ejercitar su derecho de supresi\u00f3n conforme al art. 17 del REGLAMENTO (UE) 2016\/679 DEL PARLAMENTO EUROPEO Y DEL CONSEJO de 27 de abril de 2016 relativo a la protecci\u00f3n de las personas f\u00edsicas en lo que respecta al tratamiento de datos personales y a la libre circulaci\u00f3n de estos datos, y durante el tiempo necesario para cumplir las obligaciones y plazos establecidos por la normativa aplicable.<\/em><\/p>\n\n\n\n<p><em>En el caso de los <u>proveedores<\/u>, los datos personales facilitados se conservar\u00e1n durante el plazo de tiempo necesario para cumplir con la finalidad para la que se recogieron, y en todo caso hasta la finalizaci\u00f3n de la relaci\u00f3n contractual y una vez transcurrido el plazo de prescripci\u00f3n de las posibles acciones legales aparejadas.<\/em><\/p>\n\n\n\n<p><em>No obstante, lo anterior, los datos personales facilitados se podr\u00e1n mantener debidamente bloqueados durante el tiempo que sea exigido por la normativa aplicable.<\/em><\/p>\n\n\n\n<p><strong><em>\u00bfCu\u00e1l es la legitimaci\u00f3n para el tratamiento de sus datos?<\/em><\/strong><\/p>\n\n\n\n<p><em>En funci\u00f3n de que usted sea alumno, padre o tutor o represente legal del alumno, candidato o usuario de la p\u00e1gina web de <\/em><em>COLEGIO GAZTELUETA <\/em><em>la base legal para el tratamiento de sus datos podr\u00e1 ser:<\/em><\/p>\n\n\n\n<ul class=\"wp-block-list\"><li><em>la autorizaci\u00f3n expresa del titular de los mismos o de su representante legal;<\/em><\/li><li><em>la ejecuci\u00f3n del contrato de prestaci\u00f3n de servicios educativos y formativos que vincula a los <\/em><em>padres, tutores o representantes legales de nuestros alumnos con COLEGIO GAZTELUETA,<\/em><\/li><li><em>la Disposici\u00f3n Adicional 23\u00aa de la Ley Org\u00e1nica 2\/2006, de 3 de mayo, de Educaci\u00f3n y otras disposiciones auton\u00f3micas.<\/em><\/li><li><em>el inter\u00e9s leg\u00edtimo conforme al art. 6.1.f) del REGLAMENTO (UE) 2016\/679 DEL PARLAMENTO EUROPEO Y DEL CONSEJO de 27 de abril de 2016 relativo a la protecci\u00f3n de las personas f\u00edsicas en lo que respecta al tratamiento de datos personales y a la libre circulaci\u00f3n de estos datos, <\/em><em>que nos faculta tratar sus datos \u201ccuando sea necesario para la satisfacci\u00f3n de intereses leg\u00edtimos perseguidos por el responsable del tratamiento [<\/em><em>COLEGIO GAZTELUETA<\/em><em>] o por un tercero, siempre que sobre dichos intereses no prevalezcan los intereses o los derechos y libertades fundamentales del interesado [padre\/tutor, alumno, candidato, etc.] que requieran la protecci\u00f3n de datos personales\u201d. <\/em><em>Tal inter\u00e9s leg\u00edtimo podr\u00eda darse, por ejemplo, cuando existe una relaci\u00f3n pertinente y apropiada entre el interesado y el responsable, como en situaciones en las que el interesado es cliente (<\/em><em>padre\/tutor, alumno, usuario<\/em><em>) o est\u00e1 al servicio del responsable (Considerando 47 RGPD). En COLEGIO GAZTELUETA estamos leg\u00edtimamente interesados en mantener y fidelizar a las familias del Colegio y\/o usuarios y atender mejor sus expectativas o intereses previamente manifestados, (ej.: mejorar nuestros servicios, gestionar solicitudes y consultas, ofrecer nuevos servicios y productos similares a los contratados, informar sobre cursos, eventos, concursos, actividades, talleres, etc.) sin perjuicio del cumplimiento por nuestra parte del resto de obligaciones relativas al env\u00edo de comunicaciones comerciales por v\u00eda electr\u00f3nica conforme a la LSSIyCE.<\/em><\/li><\/ul>\n\n\n\n<p><strong><em>\u00bfA qu\u00e9 destinatarios se comunicar\u00e1n sus datos?<\/em><\/strong><\/p>\n\n\n\n<p><em>COLEGIO GAZTELUETA<\/em><em> no ceder\u00e1 datos a terceras personas fuera de los casos legal o contractualmente previstos, como el Ministerio de Educaci\u00f3n, la Hezkuntza Departamento de Educaci\u00f3n, Pol\u00edtica Ling\u00fc\u00edstica y Cultura del Gobierno Vasco<\/em><em>, la Administraci\u00f3n Tributaria y otros \u00f3rganos de la Administraci\u00f3n P\u00fablica con competencia en la materia, organismos de la Seguridad Social, otros centros educativos por traslado de expediente acad\u00e9mico, polic\u00eda y \u00f3rganos judiciales.<\/em><\/p>\n\n\n\n<p><em>En el caso de que usted lo haya autorizado previamente, COLEGIO GAZTELUETA comunicar\u00e1 sus datos a:<\/em><\/p>\n\n\n\n<ul class=\"wp-block-list\"><li><em>la Asociaci\u00f3n de Padres y Madres del Colegio, a efectos de ser inscritos como miembro de dicha Asociaci\u00f3n y para su tratamiento con vistas al desarrollo de su actividad (giro de las actividades extraescolares, abono de aportaciones al APYMA, etc.)<\/em><\/li><li><em>la Asociaci\u00f3n de Antiguos Alumnos del Colegio, para su tratamiento con vistas al desarrollo de su actividad (env\u00edo de informaci\u00f3n para Antiguos Alumnos, giro de recibos, etc.).<\/em><\/li><li><em>al Club Deportivo Gaztelueta, para que pueda tratarlos en el desarrollo de su actividad (organizar los deportes, girar los recibos a las familias, etc.).<\/em><\/li><li><em>la Fundaci\u00f3n Gaztelueta, para colaborar con sus fines (recibir informaci\u00f3n de sus actividades, poder realizar donaciones, etc.).<\/em><\/li><li><em>los matrimonios encargados de curso, para que lleven a cabo la tarea que tienen encomendada.<\/em><\/li><li><em>Cuando sea necesario por la participaci\u00f3n de su hijo en alguna actividad (excursi\u00f3n, jornada, concurso, etc.) comunicar\u00e1 sus datos a la empresa organizadora de dicha actividad.<\/em><\/li><li><em>al centro m\u00e9dico de atenci\u00f3n, a la corredur\u00eda de seguros y a la compa\u00f1\u00eda de seguros contratada en caso de que los alumnos sufran alg\u00fan accidente escolar que precise de tratamiento m\u00e9dico.<\/em><\/li><li><em>a otras empresas vinculadas comercial o estrat\u00e9gicamente a <\/em><em>COLEGIO GAZTELUETA, a fin de que las mismas puedan hacer llegar sus campa\u00f1as de oferta de bienes o servicios an\u00e1logos o complementarios a los del COLEGIO GAZTELUETA.<\/em><\/li><\/ul>\n\n\n\n<p><em>COLEGIO GAZTELUETA<\/em><em> recabar\u00e1 el consentimiento expreso previo e informado de los afectados para cualquier otra cesi\u00f3n de datos que est\u00e9 fuera de los casos legal o contractualmente previstos.<\/em><\/p>\n\n\n\n<p><strong><em>\u00bfExisten encargados del tratamiento cuya legitimidad para el tratamiento derive de la ejecuci\u00f3n de un contrato de prestaci\u00f3n de servicios con COLEGIO GAZTELUETA?<\/em><\/strong><\/p>\n\n\n\n<p><em>Para llevar a cabo las finalidades anteriormente descritas, COLEGIO GAZTELUETA<\/em><em>precisa de la colaboraci\u00f3n de terceros proveedores de servicios que pueden llegar a tener acceso a sus datos personales como consecuencia de la prestaci\u00f3n de los servicios contratados.<\/em><\/p>\n\n\n\n<p><em>En todo caso, COLEGIO GAZTELUETA<\/em><em>sigue unos criterios rigurosos de selecci\u00f3n de dichos terceros con el fin de dar cumplimiento a sus obligaciones en protecci\u00f3n de datos. A tal efecto, de conformidad con lo previsto en el art\u00edculo 28 del Reglamento (UE) 2016\/679 del Parlamento Europeo y del Consejo de 27 de abril de 2016, General de Protecci\u00f3n de Datos (RGPD) COLEGIO GAZTELUETA<\/em><em>tiene suscrito con cada uno ellos el correspondiente contrato o acto jur\u00eddico en el que se establecen las condiciones y las garant\u00edas necesarias para que el tratamiento de sus datos se realice conforme a derecho:<\/em><\/p>\n\n\n\n<ul class=\"wp-block-list\"><li><strong><em>BM y BB Asesores Consultores, S.L.: <\/em><\/strong><em>Asesoramiento fiscal, laboral y contable<\/em><\/li><li><strong><em>Telef\u00f3nica Soluciones de Inform\u00e1tica y Comunicaciones de Espa\u00f1a, S.A.U.: <\/em><\/strong><em>Desarrollo y mantenimiento de aplicaciones inform\u00e1ticas que permiten el acceso a datos a trav\u00e9s de redes de telecomunicaciones<\/em><\/li><li><strong><em>Acens Technologies, S.L.U: <\/em><\/strong><em>Hosting<\/em><\/li><li><strong><em>Ukabi, SL y Elkarmedia, S.L.: <\/em><\/strong><em>INIKA, Plataforma de gesti\u00f3n y comunicaci\u00f3n acad\u00e9mica y administrativa.<\/em><\/li><li><strong><em>Bimarket, S.L.: <\/em><\/strong><em>Dise\u00f1o, maquetaci\u00f3n e impresi\u00f3n del peri\u00f3dico trimestral del Colegio<\/em><\/li><li><strong><em>Tamar Las Arenas, S.A.: <\/em><\/strong><em>Comedor<\/em><\/li><li><strong><em>Banco Santander: <\/em><\/strong><em>Emisi\u00f3n y cobro de recibos y abono de n\u00f3minas<\/em><\/li><li><strong><em>The Rocket Science Group LLC (Mailchimp): <\/em><\/strong><em>E-mail marketing<\/em><\/li><li><strong><em>Google Inc.: <\/em><\/strong><em>Google Drive, Google Docs y Google Analytics<\/em><\/li><\/ul>\n\n\n\n<p><strong><em>\u00bfSe transfieren datos a otros pa\u00edses?<\/em><\/strong><\/p>\n\n\n\n<p><em>Algunas de las herramientas que utilizamos para gestionar sus datos son contratados con terceros. Para prestar servicios estrictamente necesarios para el desarrollo de nuestra actividad, <\/em><em>COLEGIO GAZTELUETA<\/em><em> comparte datos con los siguientes prestadores bajo sus correspondientes condiciones de privacidad:<\/em><\/p>\n\n\n\n<ul class=\"wp-block-list\"><li><em><u>Google Analytics<\/u><\/em><em>: un servicio anal\u00edtico de web prestado por <strong>Google, Inc.,<\/strong> una compa\u00f1\u00eda de Delaware cuya oficina principal est\u00e1 en 1600 Amphitheatre Parkway, Mountain View (California), CA 94043, Estados Unidos (\u201cGoogle\u201d). Google Analytics utiliza \u201ccookies\u201d, que son archivos de texto ubicados en su ordenador, para ayudar a COLEGIO GAZTELUETA a analizar el uso que hacen los usuarios del sitio web. La informaci\u00f3n que genera la cookie acerca de su uso de <\/em><em><u><a href=\"http:\/\/www.gaztelueta.com\">www.gaztelueta.com<\/a><\/u><\/em><em> (incluyendo su direcci\u00f3n IP) ser\u00e1 directamente transmitida y archivada por Google en los servidores de Estados Unidos.<\/em><\/li><li><em><u>Google Drive<\/u><\/em><em>: un servicio de alojamiento de documentos en la nube prestado por <strong>Google, Inc.,<\/strong> una compa\u00f1\u00eda de Delaware cuya oficina principal est\u00e1 en 1600 Amphitheatre Parkway, Mountain View (California), CA 94043, Estados Unidos (\u201cGoogle\u201d)<\/em><\/li><li><em><u>Google Docs<\/u><\/em><em>: un servicio de procesamiento de textos y hojas de c\u00e1lculo con mantenimiento en la nube, y acceso desde cualquier lugar y cualquier tipo de computadora con conexi\u00f3n a Internet. Prestado por <strong>Google, Inc.,<\/strong> una compa\u00f1\u00eda de Delaware cuya oficina principal est\u00e1 en 1600 Amphitheatre Parkway, Mountain View<\/em><\/li><li><em><u>Email marketing<\/u><\/em><em>: <strong>The Rocket Science Group LLC (Mailchimp), <\/strong>con domicilio en EEUU. M\u00e1s informaci\u00f3n en <\/em><em><u><a href=\"http:\/\/www.mailchimp.com\" target=\"_blank\" rel=\"noopener\">www.mailchimp.com<\/a><\/u><\/em><em> The Rocket Science Group LLC (Mailchimp) trata los datos con la finalidad de realizar sus servicios de gesti\u00f3n de email marketing a COLEGIO GAZTELUETA.<\/em><\/li><\/ul>\n\n\n\n<p><em>Tanto Google Inc., como The Rocket Science Group cumplen con el marco regulatorio del Escudo de privacidad UE-EE.UU. Puede consultarlo aqu\u00ed<\/em><\/p>\n\n\n\n<p><a href=\"https:\/\/www.privacyshield.gov\/list\" target=\"_blank\" rel=\"noopener\">https:\/\/www.privacyshield.gov\/list<\/a><\/p>\n\n\n\n<p><em>Fuera de dichos casos, COLEGIO GAZTELUETA<\/em><em> no efect\u00faa trasferencia de datos a terceros pa\u00edses ni dentro ni fuera del Espacio Econ\u00f3mico Europeo.<\/em><\/p>\n\n\n\n<p><em>Si en un futuro <\/em><em>COLEGIO GAZTELUETA<\/em><em> llegare a efectuar tal trasferencia con motivo de la organizaci\u00f3n de cursos de inmersi\u00f3n ling\u00fc\u00edstica o introdujere l<\/em><em>a posibilidad de cursar periodos escolares en colegios de pa\u00edses de lengua inglesa, solicitar\u00e1, con car\u00e1cter previo, el consentimiento expreso e informado de los padres, tutores o representantes legales de los alumnos interesados.<\/em><\/p>\n\n\n\n<p><strong><em>\u00bfCu\u00e1les son sus derechos cuando nos facilita los datos?<\/em><\/strong><\/p>\n\n\n\n<p><em>Cualquier persona tiene derecho a obtener informaci\u00f3n sobre si en <\/em><em>COLEGIO GAZTELUETA<\/em><em> estamos tratando datos personales que les conciernan, o no.<\/em><\/p>\n\n\n\n<p><em>Las personas interesadas tienen derecho a acceder a sus datos personales, as\u00ed como a solicitar la rectificaci\u00f3n de los datos inexactos o, en su caso, solicitar la supresi\u00f3n cuando, entre otros motivos, los datos ya no sean necesarios para los fines para los que fueron recabados.<\/em><\/p>\n\n\n\n<p><em>En determinadas circunstancias, los interesados podr\u00e1n solicitar la limitaci\u00f3n del tratamiento de sus datos, en cuyo caso \u00fanicamente los conservaremos para el ejercicio o la defensa de posibles reclamaciones.<\/em><\/p>\n\n\n\n<p><em>Igualmente, en determinadas circunstancias y por motivos relacionados con su situaci\u00f3n particular, los interesados podr\u00e1n oponerse al tratamiento de sus datos. <\/em><em>COLEGIO GAZTELUETA<\/em><em> dejar\u00e1 de tratar los datos, salvo por motivos leg\u00edtimos imperiosos, o el ejercicio o la defensa de posibles reclamaciones.<\/em><\/p>\n\n\n\n<p><em>Asimismo, tambi\u00e9n tiene derecho a presentar una reclamaci\u00f3n ante la autoridad de control, la Agencia Espa\u00f1ola de Protecci\u00f3n de Datos.<\/em><\/p>\n\n\n\n<p><a href=\"https:\/\/sedeagpd.gob.es\/sede-electronica-web\/\" target=\"_blank\" rel=\"noopener\">https:\/\/sedeagpd.gob.es\/sede-electronica-web\/<\/a><\/p>\n\n\n\n<p><em>Si desea m\u00e1s informaci\u00f3n sobre sus derechos puede consultar nuestra <\/em><em><a href=\"https:\/\/gaztelueta.com\/es\/politica-de-privacidad\" target=\"_blank\" rel=\"noopener\">Pol\u00edtica de Privacidad<\/a><\/em><em>.<\/em><\/p>\n\n\n\n<p><strong><em>\u00bfC\u00f3mo puede ejercitar sus derechos?<\/em><\/strong><\/p>\n\n\n\n<p><em>Para ejercitar sus derechos, puede dirigirse por escrito a <\/em><em>COLEGIO GAZTELUETA<\/em><em> a la direcci\u00f3n postal o de correo electr\u00f3nico indicados en el apartado \u201cResponsable del tratamiento\u201d, o por cualquier otro medio que permita acreditar el env\u00edo y recepci\u00f3n de su solicitud.<\/em><\/p>\n\n\n\n<p><em>Para poder atender su petici\u00f3n es necesario que acredite su personalidad frente a <\/em><em>COLEGIO GAZTELUETA<\/em><em>mediante el env\u00edo de fotocopia del Documento Nacional de Identidad o cualquier otro medio v\u00e1lido en Derecho.<\/em><\/p>\n","protected":false},"excerpt":{"rendered":"<p>Nor da zure datu pertsonalen tratamenduaren arduraduna? Identitatea: GAZTELUETA ESKOLAKO IRAKASKUNTZA, KULTURA ETA FORMAZIO ELKARTEA (COLEGIO GAZTELUETA) IFZ: G-95329009 Posta helbidea: Artaza auzoa 87, (48940) Leioa - Bizkaia Telefonoa: +34 944 63 30 00 Helbide elektronikoa: secretaria@gaztelueta.com Zertarako tratatzen ditugu zure datu pertsonalak? Bazara...<\/p>","protected":false},"author":2,"featured_media":0,"parent":0,"menu_order":0,"comment_status":"closed","ping_status":"closed","template":"","meta":{"_acf_changed":false,"_joinchat":[],"footnotes":""},"class_list":["post-159","page","type-page","status-publish","hentry"],"acf":[],"_links":{"self":[{"href":"https:\/\/www.gaztelueta.com\/eu\/wp-json\/wp\/v2\/pages\/159","targetHints":{"allow":["GET"]}}],"collection":[{"href":"https:\/\/www.gaztelueta.com\/eu\/wp-json\/wp\/v2\/pages"}],"about":[{"href":"https:\/\/www.gaztelueta.com\/eu\/wp-json\/wp\/v2\/types\/page"}],"author":[{"embeddable":true,"href":"https:\/\/www.gaztelueta.com\/eu\/wp-json\/wp\/v2\/users\/2"}],"replies":[{"embeddable":true,"href":"https:\/\/www.gaztelueta.com\/eu\/wp-json\/wp\/v2\/comments?post=159"}],"version-history":[{"count":1,"href":"https:\/\/www.gaztelueta.com\/eu\/wp-json\/wp\/v2\/pages\/159\/revisions"}],"predecessor-version":[{"id":160,"href":"https:\/\/www.gaztelueta.com\/eu\/wp-json\/wp\/v2\/pages\/159\/revisions\/160"}],"wp:attachment":[{"href":"https:\/\/www.gaztelueta.com\/eu\/wp-json\/wp\/v2\/media?parent=159"}],"curies":[{"name":"wp","href":"https:\/\/api.w.org\/{rel}","templated":true}]}}